{"id":25604,"date":"2022-11-08T02:13:55","date_gmt":"2022-11-08T05:13:55","guid":{"rendered":"https:\/\/www.speedcustoms.com.ar\/?page_id=25604"},"modified":"2023-06-08T05:41:02","modified_gmt":"2023-06-08T08:41:02","slug":"conocimiento-de-embarque-2","status":"publish","type":"page","link":"https:\/\/www.speedcustoms.com.ar\/en\/freight-forwarding\/conocimiento-de-embarque-2\/","title":{"rendered":"Bill of lading"},"content":{"rendered":"<p>[et_pb_section fb_built=\u00bb1&#8243; admin_label=\u00bbHeader\u00bb _builder_version=\u00bb4.16&#8243; _module_preset=\u00bbdefault\u00bb use_background_color_gradient=\u00bbon\u00bb background_color_gradient_direction=\u00bb90deg\u00bb background_color_gradient_stops=\u00bb#ffffff 60%|#4c594c 60%\u00bb background_color_gradient_start=\u00bb#ffffff\u00bb background_color_gradient_start_position=\u00bb60%\u00bb background_color_gradient_end=\u00bb#4c594c\u00bb background_color_gradient_end_position=\u00bb60%\u00bb background_last_edited=\u00bbon|tablet\u00bb background_color_gradient_stops_tablet=\u00bb#ffffff 95%|#4c594c 95%\u00bb background_color_gradient_start_position_tablet=\u00bb95%\u00bb background_color_gradient_end_position_tablet=\u00bb95%\u00bb global_colors_info=\u00bb{}\u00bb][et_pb_row column_structure=\u00bb1_2,1_2&#8243; _builder_version=\u00bb4.16&#8243; _module_preset=\u00bbdefault\u00bb custom_padding=\u00bb||0px|||\u00bb global_colors_info=\u00bb{}\u00bb][et_pb_column type=\u00bb1_2&#8243; _builder_version=\u00bb4.16&#8243; _module_preset=\u00bbdefault\u00bb global_colors_info=\u00bb{}\u00bb][et_pb_text _builder_version=\u00bb4.19.0&#8243; _module_preset=\u00bbe598b17a-9229-42f6-b238-019d6094332e\u00bb header_font=\u00bbOutfit|600|||||||\u00bb header_text_color=\u00bb#000000&#8243; header_font_size=\u00bb60px\u00bb header_line_height=\u00bb1.1em\u00bb custom_margin=\u00bb||0px||false|false\u00bb header_font_size_tablet=\u00bb40px\u00bb header_font_size_phone=\u00bb24px\u00bb header_font_size_last_edited=\u00bbon|phone\u00bb locked=\u00bboff\u00bb global_colors_info=\u00bb{}\u00bb]<\/p>\n<h1>Conocimiento de Embarque<\/h1>\n<p>[\/et_pb_text][et_pb_divider color=\u00bbrgba(76,89,76,0.3)\u00bb divider_weight=\u00bb10px\u00bb _builder_version=\u00bb4.16&#8243; _module_preset=\u00bba9fcc5b1-74c5-43b4-b776-3e310da5f3e8&#8243; z_index=\u00bb10&#8243; max_width=\u00bb260px\u00bb height=\u00bb10px\u00bb custom_margin=\u00bb-32px||30px||false|false\u00bb custom_margin_tablet=\u00bb-27px||||false|false\u00bb custom_margin_phone=\u00bb-18px||||false|false\u00bb custom_margin_last_edited=\u00bbon|phone\u00bb global_colors_info=\u00bb{}\u00bb][\/et_pb_divider][\/et_pb_column][et_pb_column type=\u00bb1_2&#8243; _builder_version=\u00bb4.16&#8243; _module_preset=\u00bbdefault\u00bb global_colors_info=\u00bb{}\u00bb][\/et_pb_column][\/et_pb_row][et_pb_row column_structure=\u00bb1_2,1_2&#8243; _builder_version=\u00bb4.16&#8243; _module_preset=\u00bbdefault\u00bb custom_padding=\u00bb0px|||||\u00bb global_colors_info=\u00bb{}\u00bb][et_pb_column type=\u00bb1_2&#8243; _builder_version=\u00bb4.16&#8243; _module_preset=\u00bbdefault\u00bb global_colors_info=\u00bb{}\u00bb][et_pb_text _builder_version=\u00bb4.19.0&#8243; _module_preset=\u00bbbc6cae60-9fd0-48b3-a032-f2876734c2dd\u00bb text_font=\u00bb||||||||\u00bb text_font_size=\u00bb16px\u00bb text_line_height=\u00bb1.8em\u00bb text_font_size_tablet=\u00bb16px\u00bb text_font_size_phone=\u00bb14px\u00bb text_font_size_last_edited=\u00bbon|phone\u00bb locked=\u00bboff\u00bb global_colors_info=\u00bb{}\u00bb]<\/p>\n<p><span>por sus iniciales en\u00a0ingl\u00e9s,\u00a0<\/span><em>Bill of lading<\/em><span>) es un documento propio del\u00a0transporte mar\u00edtimo\u00a0que se utiliza como\u00a0contrato de transporte\u00a0de las mercanc\u00edas en un\u00a0buque\u00a0en l\u00ednea regular. La finalidad de este contrato es proteger al cargador y al\u00a0consignatario\u00a0de la carga frente al\u00a0naviero\u00a0y dar confianza a cada parte respecto al comportamiento de la otra.<br \/>El transporte de mercanc\u00edas en r\u00e9gimen de conocimiento de embarque est\u00e1 regulado por el Convenio de Bruselas de 1924, que ha sido modificado por las Reglas de La Haya-Visby de 1968 y, m\u00e1s recientemente por las\u00a0Reglas de Hamburgo\u00a0de 1978, \u00e9stas \u00faltimas elaboradas por\u00a0UNCITRAL.<br \/><\/span><\/p>\n<p>[\/et_pb_text][\/et_pb_column][et_pb_column type=\u00bb1_2&#8243; _builder_version=\u00bb4.16&#8243; _module_preset=\u00bbdefault\u00bb global_colors_info=\u00bb{}\u00bb][et_pb_image src=\u00bbhttps:\/\/www.speedcustoms.com.ar\/wp-content\/uploads\/2023\/05\/speedcustoms-85.jpg\u00bb title_text=\u00bbspeedcustoms-85&#8243; _builder_version=\u00bb4.21.0&#8243; _module_preset=\u00bbdefault\u00bb box_shadow_style=\u00bbpreset2&#8243; box_shadow_horizontal=\u00bb0px\u00bb box_shadow_vertical=\u00bb60px\u00bb box_shadow_blur=\u00bb60px\u00bb box_shadow_color=\u00bbrgba(0,0,0,0.15)\u00bb global_colors_info=\u00bb{}\u00bb][\/et_pb_image][\/et_pb_column][\/et_pb_row][\/et_pb_section][et_pb_section fb_built=\u00bb1&#8243; admin_label=\u00bbStats\u00bb _builder_version=\u00bb4.16&#8243; _module_preset=\u00bbdefault\u00bb global_colors_info=\u00bb{}\u00bb][et_pb_row _builder_version=\u00bb4.19.0&#8243; _module_preset=\u00bbdefault\u00bb global_colors_info=\u00bb{}\u00bb][et_pb_column type=\u00bb4_4&#8243; _builder_version=\u00bb4.16&#8243; _module_preset=\u00bbdefault\u00bb global_colors_info=\u00bb{}\u00bb][et_pb_text _builder_version=\u00bb4.19.0&#8243; _module_preset=\u00bbbc6cae60-9fd0-48b3-a032-f2876734c2dd\u00bb text_font=\u00bb||||||||\u00bb text_font_size=\u00bb18px\u00bb text_line_height=\u00bb1.8em\u00bb text_font_size_tablet=\u00bb16px\u00bb text_font_size_phone=\u00bb14px\u00bb text_font_size_last_edited=\u00bbon|phone\u00bb locked=\u00bboff\u00bb global_colors_info=\u00bb{}\u00bb]<\/p>\n<p><strong><em>Valor del conocimiento de embarque<\/em><\/strong><\/p>\n<p>Este documento que expide el transportador\u00a0mar\u00edtimo\u00a0sirve:<\/p>\n<ol>\n<li>como certificaci\u00f3n de que ha tomado a su cargo la mercanc\u00eda para entregarla, contra la presentaci\u00f3n del mismo en el punto de destino, a quien figure como consignatario de \u00e9sta o a quien la haya adquirido por\u00a0endoso\u00a0total o parcial,<\/li>\n<li>como constancia del flete convenido y<\/li>\n<li>como representativo del contrato de fletamento en ciertos casos.<\/li>\n<\/ol>\n<p>Si el conocimiento de embarque se ha emitido \u00aba la orden\u00bb es un documento negociable que permite transferir la propiedad de la mercanc\u00eda. El\u00a0<strong>conocimiento de embarque a la orden<\/strong>\u00a0es el m\u00e1s utilizado en los\u00a0cr\u00e9ditos documentarios\u00a0ya que la\u00a0entidad financiera\u00a0figura como consignatario de la carga y endosa la documentaci\u00f3n a su cliente, el importador (y comprador) de la mercanc\u00eda.<\/p>\n<p>Adem\u00e1s de \u00aba la orden\u00bb, el conocimiento de embarque puede emitirse \u00abal portador\u00bb (el propietario de la mercanc\u00eda no queda identificado) y \u00abnominativo\u00bb (a nombre de una persona f\u00edsica o jur\u00eddica, que recoger\u00e1 la mercanc\u00eda cuando se identifique y presente un original del conocimiento de embarque). Se trata, por tanto, de un documento con fuerza de\u00a0t\u00edtulo valor.<\/p>\n<p>[\/et_pb_text][\/et_pb_column][\/et_pb_row][\/et_pb_section][et_pb_section fb_built=\u00bb1&#8243; _builder_version=\u00bb4.19.0&#8243; _module_preset=\u00bbdefault\u00bb global_colors_info=\u00bb{}\u00bb][et_pb_row column_structure=\u00bb1_2,1_2&#8243; _builder_version=\u00bb4.19.0&#8243; _module_preset=\u00bbdefault\u00bb global_colors_info=\u00bb{}\u00bb][et_pb_column type=\u00bb1_2&#8243; _builder_version=\u00bb4.19.0&#8243; _module_preset=\u00bbdefault\u00bb global_colors_info=\u00bb{}\u00bb][et_pb_image src=\u00bbhttps:\/\/www.speedcustoms.com.ar\/wp-content\/uploads\/2022\/11\/Conocimiento-de-embarque-pagina.jpg\u00bb title_text=\u00bbConocimiento de embarque pagina\u00bb _builder_version=\u00bb4.19.0&#8243; _module_preset=\u00bbdefault\u00bb module_alignment=\u00bbcenter\u00bb box_shadow_style=\u00bbpreset2&#8243; global_colors_info=\u00bb{}\u00bb][\/et_pb_image][\/et_pb_column][et_pb_column type=\u00bb1_2&#8243; _builder_version=\u00bb4.19.0&#8243; _module_preset=\u00bbdefault\u00bb global_colors_info=\u00bb{}\u00bb][et_pb_text _builder_version=\u00bb4.19.0&#8243; _module_preset=\u00bbdefault\u00bb text_font_size=\u00bb19px\u00bb global_colors_info=\u00bb{}\u00bb]<\/p>\n<p><strong><em>Datos requeridos en un conocimiento de embarque<\/em><\/strong><br \/><span>En el conocimiento de embarque deben aparecer el nombre, la matr\u00edcula del buque, puertos de carga y descarga, nombre del cargador y del consignatario, descripci\u00f3n detallada de las mercanc\u00edas, la cantidad o el peso, el n\u00famero de bultos y su estado aparente.<\/span><br \/><span>Tambi\u00e9n refleja el importe del flete (coste del transporte por v\u00eda mar\u00edtima), la moneda en que se ha calculado esta cifra y si el flete se ha abonado en origen (<\/span><em>freight prepaid<\/em><span>) o si se trata de un flete pagadero en destino (<\/span><em>freight collect<\/em><span>).<\/span><\/p>\n<p><strong><em>Expedidor del conocimiento de embarque<\/em><\/strong><br \/><span>Los conocimientos de embarque de la carga consolidada los expide el agente de carga internacional,\u00a0transitario\u00a0\u00f3\u00a0NVOCC\u00a0(por sus iniciales en ingl\u00e9s:\u00a0<\/span><em>Non-Vessel Operating Common Carrier<\/em><span>). En tal caso llevan el nombre de \u00abconocimiento de embarque hijo\u00bb (en ingl\u00e9s\u00a0<\/span><em>House Bill of Lading<\/em><span>), siendo el \u00abconocimiento de embarque madre\u00bb (en ingl\u00e9s,\u00a0<\/span><em>Master Bill of Lading<\/em><span>) el que expide el transportista mar\u00edtimo efectivo (la\u00a0naviera\u00a0que realiza el transporte).<\/span><\/p>\n<p>[\/et_pb_text][\/et_pb_column][\/et_pb_row][\/et_pb_section][et_pb_section fb_built=\u00bb1&#8243; theme_builder_area=\u00bbpost_content\u00bb _builder_version=\u00bb4.21.0&#8243; _module_preset=\u00bbdefault\u00bb custom_padding=\u00bb0px||0px|||\u00bb][et_pb_row _builder_version=\u00bb4.21.0&#8243; _module_preset=\u00bbdefault\u00bb theme_builder_area=\u00bbpost_content\u00bb][et_pb_column _builder_version=\u00bb4.21.0&#8243; _module_preset=\u00bbdefault\u00bb type=\u00bb4_4&#8243; theme_builder_area=\u00bbpost_content\u00bb][et_pb_divider _builder_version=\u00bb4.21.0&#8243; _module_preset=\u00bbdefault\u00bb theme_builder_area=\u00bbpost_content\u00bb hover_enabled=\u00bb0&#8243; sticky_enabled=\u00bb0&#8243;][\/et_pb_divider][\/et_pb_column][\/et_pb_row][\/et_pb_section]<\/p>\n","protected":false},"excerpt":{"rendered":"<p>Conocimiento de Embarquepor sus iniciales en\u00a0ingl\u00e9s,\u00a0Bill of lading) es un documento propio del\u00a0transporte mar\u00edtimo\u00a0que se utiliza como\u00a0contrato de transporte\u00a0de las mercanc\u00edas en un\u00a0buque\u00a0en l\u00ednea regular. La finalidad de este contrato es proteger al cargador y al\u00a0consignatario\u00a0de la carga frente al\u00a0naviero\u00a0y dar confianza a cada parte respecto al comportamiento de la otra.El transporte de mercanc\u00edas en [&hellip;]<\/p>\n","protected":false},"author":1,"featured_media":0,"parent":25539,"menu_order":6,"comment_status":"closed","ping_status":"closed","template":"","meta":{"_et_pb_use_builder":"on","_et_pb_old_content":"","_et_gb_content_width":"","footnotes":""},"class_list":["post-25604","page","type-page","status-publish","hentry"],"_links":{"self":[{"href":"https:\/\/www.speedcustoms.com.ar\/en\/wp-json\/wp\/v2\/pages\/25604","targetHints":{"allow":["GET"]}}],"collection":[{"href":"https:\/\/www.speedcustoms.com.ar\/en\/wp-json\/wp\/v2\/pages"}],"about":[{"href":"https:\/\/www.speedcustoms.com.ar\/en\/wp-json\/wp\/v2\/types\/page"}],"author":[{"embeddable":true,"href":"https:\/\/www.speedcustoms.com.ar\/en\/wp-json\/wp\/v2\/users\/1"}],"replies":[{"embeddable":true,"href":"https:\/\/www.speedcustoms.com.ar\/en\/wp-json\/wp\/v2\/comments?post=25604"}],"version-history":[{"count":10,"href":"https:\/\/www.speedcustoms.com.ar\/en\/wp-json\/wp\/v2\/pages\/25604\/revisions"}],"predecessor-version":[{"id":25962,"href":"https:\/\/www.speedcustoms.com.ar\/en\/wp-json\/wp\/v2\/pages\/25604\/revisions\/25962"}],"up":[{"embeddable":true,"href":"https:\/\/www.speedcustoms.com.ar\/en\/wp-json\/wp\/v2\/pages\/25539"}],"wp:attachment":[{"href":"https:\/\/www.speedcustoms.com.ar\/en\/wp-json\/wp\/v2\/media?parent=25604"}],"curies":[{"name":"wp","href":"https:\/\/api.w.org\/{rel}","templated":true}]}}