{"id":25621,"date":"2022-11-10T04:26:15","date_gmt":"2022-11-10T07:26:15","guid":{"rendered":"https:\/\/www.speedcustoms.com.ar\/?page_id=25621"},"modified":"2023-06-08T05:44:08","modified_gmt":"2023-06-08T08:44:08","slug":"guia-aerea","status":"publish","type":"page","link":"https:\/\/www.speedcustoms.com.ar\/en\/freight-forwarding\/guia-aerea\/","title":{"rendered":"Guia Aerea"},"content":{"rendered":"<p>[et_pb_section fb_built=\u00bb1&#8243; admin_label=\u00bbHeader\u00bb _builder_version=\u00bb4.16&#8243; _module_preset=\u00bbdefault\u00bb use_background_color_gradient=\u00bbon\u00bb background_color_gradient_direction=\u00bb90deg\u00bb background_color_gradient_stops=\u00bb#ffffff 60%|#4c594c 60%\u00bb background_color_gradient_start=\u00bb#ffffff\u00bb background_color_gradient_start_position=\u00bb60%\u00bb background_color_gradient_end=\u00bb#4c594c\u00bb background_color_gradient_end_position=\u00bb60%\u00bb background_last_edited=\u00bbon|tablet\u00bb background_color_gradient_stops_tablet=\u00bb#ffffff 95%|#4c594c 95%\u00bb background_color_gradient_start_position_tablet=\u00bb95%\u00bb background_color_gradient_end_position_tablet=\u00bb95%\u00bb global_colors_info=\u00bb{}\u00bb][et_pb_row column_structure=\u00bb1_2,1_2&#8243; _builder_version=\u00bb4.16&#8243; _module_preset=\u00bbdefault\u00bb custom_padding=\u00bb||0px|||\u00bb global_colors_info=\u00bb{}\u00bb][et_pb_column type=\u00bb1_2&#8243; _builder_version=\u00bb4.16&#8243; _module_preset=\u00bbdefault\u00bb global_colors_info=\u00bb{}\u00bb][et_pb_text _builder_version=\u00bb4.19.0&#8243; _module_preset=\u00bbe598b17a-9229-42f6-b238-019d6094332e\u00bb text_font_size=\u00bb13px\u00bb header_font=\u00bbOutfit|600|||||||\u00bb header_text_color=\u00bb#000000&#8243; header_font_size=\u00bb66px\u00bb header_line_height=\u00bb1.1em\u00bb custom_margin=\u00bb||0px||false|false\u00bb header_font_size_tablet=\u00bb40px\u00bb header_font_size_phone=\u00bb24px\u00bb header_font_size_last_edited=\u00bbon|phone\u00bb locked=\u00bboff\u00bb global_colors_info=\u00bb{}\u00bb]<\/p>\n<h1>Guia Aerea<\/h1>\n<p>[\/et_pb_text][et_pb_divider color=\u00bbrgba(76,89,76,0.3)\u00bb divider_weight=\u00bb10px\u00bb _builder_version=\u00bb4.16&#8243; _module_preset=\u00bba9fcc5b1-74c5-43b4-b776-3e310da5f3e8&#8243; z_index=\u00bb10&#8243; max_width=\u00bb260px\u00bb height=\u00bb10px\u00bb custom_margin=\u00bb-32px||30px||false|false\u00bb custom_margin_tablet=\u00bb-27px||||false|false\u00bb custom_margin_phone=\u00bb-18px||||false|false\u00bb custom_margin_last_edited=\u00bbon|phone\u00bb global_colors_info=\u00bb{}\u00bb][\/et_pb_divider][\/et_pb_column][et_pb_column type=\u00bb1_2&#8243; _builder_version=\u00bb4.16&#8243; _module_preset=\u00bbdefault\u00bb global_colors_info=\u00bb{}\u00bb][\/et_pb_column][\/et_pb_row][et_pb_row column_structure=\u00bb1_2,1_2&#8243; _builder_version=\u00bb4.16&#8243; _module_preset=\u00bbdefault\u00bb custom_padding=\u00bb0px|||||\u00bb global_colors_info=\u00bb{}\u00bb][et_pb_column type=\u00bb1_2&#8243; _builder_version=\u00bb4.16&#8243; _module_preset=\u00bbdefault\u00bb global_colors_info=\u00bb{}\u00bb][et_pb_text _builder_version=\u00bb4.19.0&#8243; _module_preset=\u00bbbc6cae60-9fd0-48b3-a032-f2876734c2dd\u00bb text_font=\u00bb||||||||\u00bb text_font_size=\u00bb17px\u00bb text_line_height=\u00bb1.8em\u00bb text_font_size_tablet=\u00bb16px\u00bb text_font_size_phone=\u00bb14px\u00bb text_font_size_last_edited=\u00bbon|phone\u00bb locked=\u00bboff\u00bb global_colors_info=\u00bb{}\u00bb]<\/p>\n<p><span>Este documento es esencial para los env\u00edos a\u00e9reos, dado que es el que da la titularidad de la mercader\u00eda. <\/span><span>Es emitido por la compa\u00f1\u00eda a\u00e9rea, o en su defecto por su representante o freight forwarder (agente de cargas). <\/span><span>Es el equivalente del conocimiento de embarque para cargas mar\u00edtimas.<\/span><\/p>\n<p>[\/et_pb_text][\/et_pb_column][et_pb_column type=\u00bb1_2&#8243; _builder_version=\u00bb4.16&#8243; _module_preset=\u00bbdefault\u00bb global_colors_info=\u00bb{}\u00bb][et_pb_image src=\u00bbhttps:\/\/www.speedcustoms.com.ar\/wp-content\/uploads\/2023\/05\/speedcustoms-79.jpg\u00bb title_text=\u00bbspeedcustoms-79&#8243; _builder_version=\u00bb4.21.0&#8243; _module_preset=\u00bbdefault\u00bb box_shadow_style=\u00bbpreset2&#8243; box_shadow_horizontal=\u00bb0px\u00bb box_shadow_vertical=\u00bb60px\u00bb box_shadow_blur=\u00bb60px\u00bb box_shadow_color=\u00bbrgba(0,0,0,0.15)\u00bb global_colors_info=\u00bb{}\u00bb][\/et_pb_image][\/et_pb_column][\/et_pb_row][\/et_pb_section][et_pb_section fb_built=\u00bb1&#8243; admin_label=\u00bbStats\u00bb _builder_version=\u00bb4.16&#8243; _module_preset=\u00bbdefault\u00bb global_colors_info=\u00bb{}\u00bb][et_pb_row column_structure=\u00bb1_2,1_2&#8243; _builder_version=\u00bb4.19.0&#8243; _module_preset=\u00bbdefault\u00bb global_colors_info=\u00bb{}\u00bb][et_pb_column type=\u00bb1_2&#8243; _builder_version=\u00bb4.16&#8243; _module_preset=\u00bbdefault\u00bb global_colors_info=\u00bb{}\u00bb][et_pb_text _builder_version=\u00bb4.19.0&#8243; _module_preset=\u00bbbc6cae60-9fd0-48b3-a032-f2876734c2dd\u00bb text_font=\u00bb||||||||\u00bb text_font_size=\u00bb18px\u00bb text_line_height=\u00bb1.8em\u00bb text_font_size_tablet=\u00bb16px\u00bb text_font_size_phone=\u00bb14px\u00bb text_font_size_last_edited=\u00bbon|phone\u00bb locked=\u00bboff\u00bb global_colors_info=\u00bb{}\u00bb]<\/p>\n<p>Los datos fundamentales que contiene este documento son:<\/p>\n<ul>\n<li>Expedidor o exportador.<\/li>\n<li>Nombre del destinatario.<\/li>\n<li>N\u00famero de vuelo y destino.<\/li>\n<li>Aeropuerto de salida y de llegada.<\/li>\n<li>Detalles de la carga: peso, volumen, cantidad, tarifa y descripci\u00f3n.<\/li>\n<li>Indicaci\u00f3n de que si el flete es pagadero en origen o en destino.<\/li>\n<li>Importe del flete.<\/li>\n<li>N\u00famero de gu\u00eda a\u00e9rea.<\/li>\n<li>Fecha de emisi\u00f3n.<\/li>\n<\/ul>\n<p>Por lo general, al enviar la carga v\u00eda a\u00e9rea y al emitirse la correspondiente gu\u00eda que la ampara, junto con ella viajan los documentos de embarque que se originan con motivo de la misma, por ejemplo: factura comercial, certificado de origen, packing list etc.<br \/>Estos son entregados al importador en el pa\u00eds de destino junto con la gu\u00eda a\u00e9rea original.<\/p>\n<p>[\/et_pb_text][\/et_pb_column][et_pb_column type=\u00bb1_2&#8243; _builder_version=\u00bb4.16&#8243; _module_preset=\u00bbdefault\u00bb global_colors_info=\u00bb{}\u00bb][et_pb_image src=\u00bbhttps:\/\/www.speedcustoms.com.ar\/wp-content\/uploads\/2022\/11\/Guia-aerea-pagina.jpg\u00bb title_text=\u00bbGuia aerea pagina\u00bb _builder_version=\u00bb4.19.0&#8243; _module_preset=\u00bbdefault\u00bb box_shadow_style=\u00bbpreset2&#8243; global_colors_info=\u00bb{}\u00bb][\/et_pb_image][\/et_pb_column][\/et_pb_row][\/et_pb_section][et_pb_section fb_built=\u00bb1&#8243; theme_builder_area=\u00bbpost_content\u00bb _builder_version=\u00bb4.21.0&#8243; _module_preset=\u00bbdefault\u00bb custom_padding=\u00bb0px||0px|||\u00bb][et_pb_row _builder_version=\u00bb4.21.0&#8243; _module_preset=\u00bbdefault\u00bb theme_builder_area=\u00bbpost_content\u00bb][et_pb_column _builder_version=\u00bb4.21.0&#8243; _module_preset=\u00bbdefault\u00bb type=\u00bb4_4&#8243; theme_builder_area=\u00bbpost_content\u00bb][et_pb_divider _builder_version=\u00bb4.21.0&#8243; _module_preset=\u00bbdefault\u00bb theme_builder_area=\u00bbpost_content\u00bb hover_enabled=\u00bb0&#8243; sticky_enabled=\u00bb0&#8243;][\/et_pb_divider][\/et_pb_column][\/et_pb_row][\/et_pb_section]<\/p>\n","protected":false},"excerpt":{"rendered":"<p>Guia AereaEste documento es esencial para los env\u00edos a\u00e9reos, dado que es el que da la titularidad de la mercader\u00eda. Es emitido por la compa\u00f1\u00eda a\u00e9rea, o en su defecto por su representante o freight forwarder (agente de cargas). Es el equivalente del conocimiento de embarque para cargas mar\u00edtimas.Los datos fundamentales que contiene este documento [&hellip;]<\/p>\n","protected":false},"author":1,"featured_media":0,"parent":25539,"menu_order":7,"comment_status":"closed","ping_status":"closed","template":"","meta":{"_et_pb_use_builder":"on","_et_pb_old_content":"","_et_gb_content_width":"","footnotes":""},"class_list":["post-25621","page","type-page","status-publish","hentry"],"_links":{"self":[{"href":"https:\/\/www.speedcustoms.com.ar\/en\/wp-json\/wp\/v2\/pages\/25621","targetHints":{"allow":["GET"]}}],"collection":[{"href":"https:\/\/www.speedcustoms.com.ar\/en\/wp-json\/wp\/v2\/pages"}],"about":[{"href":"https:\/\/www.speedcustoms.com.ar\/en\/wp-json\/wp\/v2\/types\/page"}],"author":[{"embeddable":true,"href":"https:\/\/www.speedcustoms.com.ar\/en\/wp-json\/wp\/v2\/users\/1"}],"replies":[{"embeddable":true,"href":"https:\/\/www.speedcustoms.com.ar\/en\/wp-json\/wp\/v2\/comments?post=25621"}],"version-history":[{"count":6,"href":"https:\/\/www.speedcustoms.com.ar\/en\/wp-json\/wp\/v2\/pages\/25621\/revisions"}],"predecessor-version":[{"id":25963,"href":"https:\/\/www.speedcustoms.com.ar\/en\/wp-json\/wp\/v2\/pages\/25621\/revisions\/25963"}],"up":[{"embeddable":true,"href":"https:\/\/www.speedcustoms.com.ar\/en\/wp-json\/wp\/v2\/pages\/25539"}],"wp:attachment":[{"href":"https:\/\/www.speedcustoms.com.ar\/en\/wp-json\/wp\/v2\/media?parent=25621"}],"curies":[{"name":"wp","href":"https:\/\/api.w.org\/{rel}","templated":true}]}}