{"id":25630,"date":"2022-11-11T02:04:48","date_gmt":"2022-11-11T05:04:48","guid":{"rendered":"https:\/\/www.speedcustoms.com.ar\/?page_id=25630"},"modified":"2023-06-08T05:46:26","modified_gmt":"2023-06-08T08:46:26","slug":"documentacion","status":"publish","type":"page","link":"https:\/\/www.speedcustoms.com.ar\/en\/freight-forwarding\/documentacion\/","title":{"rendered":"Documentation"},"content":{"rendered":"<p>[et_pb_section fb_built=\u00bb1&#8243; admin_label=\u00bbHeader\u00bb _builder_version=\u00bb4.16&#8243; _module_preset=\u00bbdefault\u00bb use_background_color_gradient=\u00bbon\u00bb background_color_gradient_direction=\u00bb90deg\u00bb background_color_gradient_stops=\u00bb#ffffff 60%|#4c594c 60%\u00bb background_color_gradient_start=\u00bb#ffffff\u00bb background_color_gradient_start_position=\u00bb60%\u00bb background_color_gradient_end=\u00bb#4c594c\u00bb background_color_gradient_end_position=\u00bb60%\u00bb custom_margin=\u00bb||-42px|||\u00bb background_last_edited=\u00bbon|tablet\u00bb background_color_gradient_stops_tablet=\u00bb#ffffff 95%|#4c594c 95%\u00bb background_color_gradient_start_position_tablet=\u00bb95%\u00bb background_color_gradient_end_position_tablet=\u00bb95%\u00bb global_colors_info=\u00bb{}\u00bb][et_pb_row column_structure=\u00bb1_2,1_2&#8243; _builder_version=\u00bb4.16&#8243; _module_preset=\u00bbdefault\u00bb custom_padding=\u00bb||0px|||\u00bb global_colors_info=\u00bb{}\u00bb][et_pb_column type=\u00bb1_2&#8243; _builder_version=\u00bb4.16&#8243; _module_preset=\u00bbdefault\u00bb global_colors_info=\u00bb{}\u00bb][et_pb_text _builder_version=\u00bb4.21.0&#8243; _module_preset=\u00bbe598b17a-9229-42f6-b238-019d6094332e\u00bb header_font=\u00bbOutfit|600|||||||\u00bb header_text_color=\u00bb#000000&#8243; header_font_size=\u00bb53px\u00bb header_line_height=\u00bb1.1em\u00bb custom_margin=\u00bb||0px||false|false\u00bb hover_enabled=\u00bb0&#8243; header_font_size_tablet=\u00bb40px\u00bb header_font_size_phone=\u00bb24px\u00bb header_font_size_last_edited=\u00bbon|phone\u00bb locked=\u00bboff\u00bb global_colors_info=\u00bb{}\u00bb sticky_enabled=\u00bb0&#8243;]<\/p>\n<h1>Documentacion<\/h1>\n<p>[\/et_pb_text][et_pb_divider color=\u00bbrgba(76,89,76,0.3)\u00bb divider_weight=\u00bb10px\u00bb _builder_version=\u00bb4.16&#8243; _module_preset=\u00bba9fcc5b1-74c5-43b4-b776-3e310da5f3e8&#8243; z_index=\u00bb10&#8243; max_width=\u00bb260px\u00bb height=\u00bb10px\u00bb custom_margin=\u00bb-32px||30px||false|false\u00bb custom_margin_tablet=\u00bb-27px||||false|false\u00bb custom_margin_phone=\u00bb-18px||||false|false\u00bb custom_margin_last_edited=\u00bbon|phone\u00bb global_colors_info=\u00bb{}\u00bb][\/et_pb_divider][\/et_pb_column][et_pb_column type=\u00bb1_2&#8243; _builder_version=\u00bb4.16&#8243; _module_preset=\u00bbdefault\u00bb global_colors_info=\u00bb{}\u00bb][\/et_pb_column][\/et_pb_row][et_pb_row column_structure=\u00bb1_2,1_2&#8243; _builder_version=\u00bb4.16&#8243; _module_preset=\u00bbdefault\u00bb custom_padding=\u00bb0px|||||\u00bb global_colors_info=\u00bb{}\u00bb][et_pb_column type=\u00bb1_2&#8243; _builder_version=\u00bb4.16&#8243; _module_preset=\u00bbdefault\u00bb global_colors_info=\u00bb{}\u00bb][et_pb_text _builder_version=\u00bb4.19.0&#8243; _module_preset=\u00bbbc6cae60-9fd0-48b3-a032-f2876734c2dd\u00bb text_font=\u00bb||||||||\u00bb text_font_size=\u00bb16px\u00bb text_line_height=\u00bb1.8em\u00bb text_font_size_tablet=\u00bb16px\u00bb text_font_size_phone=\u00bb14px\u00bb text_font_size_last_edited=\u00bbon|phone\u00bb locked=\u00bboff\u00bb global_colors_info=\u00bb{}\u00bb]<\/p>\n<p><strong>MIC\/DTA (Manifiesto Internacional de Carga \u2013 Declaraci\u00f3n de Tr\u00e1nsito Aduanero)<\/strong><br \/><span>Este documento es utilizado solamente en la modalidad de transporte terrestre de cargas por carretera, y especialmente con los pa\u00edses que son lim\u00edtrofes a la Argentina, en cargas de exportaci\u00f3n y tr\u00e1nsito. <\/span><span>Su funci\u00f3n esencial es contener los datos del medio de transporte que lleva la mercader\u00eda, dado que es un documento que es aceptado en ambos lados de las fronteras.<\/span><br \/><span>Adem\u00e1s, contiene los datos referidos a la descripci\u00f3n de la mercader\u00eda, aduanas de salida y destino, lugar de cruce, duraci\u00f3n del viaje, n\u00famero de precinto, embarcador, destinatario, transportista, N.C.M. y fecha de emisi\u00f3n y carga efectiva.<\/span><br \/><span>Todos los campos de este formulario est\u00e1n descriptos en el idioma castellano y portugu\u00e9s.<\/span><\/p>\n<p>[\/et_pb_text][\/et_pb_column][et_pb_column type=\u00bb1_2&#8243; _builder_version=\u00bb4.16&#8243; _module_preset=\u00bbdefault\u00bb global_colors_info=\u00bb{}\u00bb][et_pb_image src=\u00bbhttps:\/\/www.speedcustoms.com.ar\/wp-content\/uploads\/2023\/05\/speedcustoms-28.jpg\u00bb title_text=\u00bbspeedcustoms-28&#8243; _builder_version=\u00bb4.21.0&#8243; _module_preset=\u00bbdefault\u00bb box_shadow_style=\u00bbpreset2&#8243; box_shadow_horizontal=\u00bb0px\u00bb box_shadow_vertical=\u00bb60px\u00bb box_shadow_blur=\u00bb60px\u00bb box_shadow_color=\u00bbrgba(0,0,0,0.15)\u00bb global_colors_info=\u00bb{}\u00bb][\/et_pb_image][\/et_pb_column][\/et_pb_row][\/et_pb_section][et_pb_section fb_built=\u00bb1&#8243; admin_label=\u00bbStats\u00bb _builder_version=\u00bb4.16&#8243; _module_preset=\u00bbdefault\u00bb global_colors_info=\u00bb{}\u00bb][et_pb_row column_structure=\u00bb1_2,1_2&#8243; _builder_version=\u00bb4.19.0&#8243; _module_preset=\u00bbdefault\u00bb global_colors_info=\u00bb{}\u00bb][et_pb_column type=\u00bb1_2&#8243; _builder_version=\u00bb4.16&#8243; _module_preset=\u00bbdefault\u00bb global_colors_info=\u00bb{}\u00bb][et_pb_text _builder_version=\u00bb4.19.0&#8243; _module_preset=\u00bbbc6cae60-9fd0-48b3-a032-f2876734c2dd\u00bb text_font=\u00bb||||||||\u00bb text_font_size=\u00bb16px\u00bb text_line_height=\u00bb1.8em\u00bb text_font_size_tablet=\u00bb16px\u00bb text_font_size_phone=\u00bb14px\u00bb text_font_size_last_edited=\u00bbon|phone\u00bb locked=\u00bboff\u00bb global_colors_info=\u00bb{}\u00bb]<\/p>\n<p><strong>Carta de Porte<\/strong><br \/>Es el documento m\u00e1s importante en las cargas terrestres dado que cumple las mismas funciones que el conocimiento de embarque mar\u00edtimo, es decir que concede la titularidad de la mercader\u00eda al poseedor del mismo.<br \/>Por lo general, este es emitido por la compa\u00f1\u00eda de transporte terrestre.<br \/>Figuran los siguientes datos:<br \/>Exportador.<br \/>Consignatario.<br \/>Importador.<br \/>Lugar y fecha de emisi\u00f3n.<br \/>Detalle de la carga: peso, cantidad, volumen, bultos, descripci\u00f3n.<br \/>Flete, si es pagado o pagadero en destino y monto.<br \/>Ruta y plazo del transporte.<br \/>Marcas y n\u00fameros.<br \/>Aduana de salida del pa\u00eds exportador y aduana de entrada del pa\u00eds importador.<br \/>Formalidades para el despacho de la mercader\u00eda.<br \/>Declaraci\u00f3n del valor de la mercader\u00eda.<br \/>Documentos anexos (copias de factura, certificados, etc.).<\/p>\n<p>De acuerdo a los requerimientos bancarios y de lo oportunamente acordado entre el exportador y el importador, los documentos originales de la mercader\u00eda pueden viajar con el medio de transporte o ser enviados por separado.<\/p>\n<p><strong>Factura E \/ Commercial Invoice<\/strong><br \/>Las normas aduaneras, cambiarias e impositivas exigen que para poder exportar, el comprobante que respalda a la operaci\u00f3n de exportaci\u00f3n, incluyendo las que se realicen en el \u00e1rea aduanera especial, deber\u00e1 estar identificado con la letra \u201cE\u201d.<\/p>\n<p>[\/et_pb_text][\/et_pb_column][et_pb_column type=\u00bb1_2&#8243; _builder_version=\u00bb4.16&#8243; _module_preset=\u00bbdefault\u00bb global_colors_info=\u00bb{}\u00bb][et_pb_text _builder_version=\u00bb4.19.0&#8243; _module_preset=\u00bbdefault\u00bb text_font_size=\u00bb16px\u00bb global_colors_info=\u00bb{}\u00bb]<\/p>\n<p><strong>Lista de Emparque \/ Packing List<\/strong><\/p>\n<p>Su finalidad es informar el contenido, peso bruto y neto de la mercader\u00eda a ser exportada, de acuerdo a como se encuentra embalada.<br \/>La emite el exportador en hoja membrete de la empresa, y los principales datos que figuran en ella son:<\/p>\n<p>Datos del importador.<br \/>Datos del exportador.<br \/>Marcas y n\u00fameros de los bultos.<br \/>Lugar y fecha de emisi\u00f3n.<br \/>Modo de embarque<br \/>Cantidad de bultos y descripci\u00f3n de la mercader\u00eda.<br \/>Total de los pesos brutos y netos.<br \/>Tipo de embalaje.<br \/>Firma y sello del exportador.<\/p>\n<p>Habitualmente, este documento no es muy exigido en las operaciones de comercio internacional, dependiendo este factor de la naturaleza de las mercader\u00edas.<br \/>Por lo general, se lo solicita en grandes embarques, o en aquellos donde existen variedad de tipos de mercader\u00eda.<br \/>Si el embarque contiene un solo tipo de mercader\u00eda, este documento puede ser obviado.<br \/>Anexamos un modelo de este documento.<\/p>\n<p><strong>Certificado de Origen<\/strong><br \/>Este documento certifica el origen de las mercader\u00edas del pa\u00eds de exportaci\u00f3n, para ser presentado por el importador, si es que existen acuerdos de preferencia arancelaria entre los pa\u00edses.<br \/>Cada pa\u00eds beneficiario determina el organismo autorizado para emitirlo, por ejemplo en nuestro pa\u00eds lo emite la C\u00e1mara Argentina de Comercio y la C\u00e1mara de Exportadores de la Rep\u00fablica Argentina.<br \/>Se emite en Original y 2 copias y no puede tener enmiendas ni raspaduras. Su plazo de validez es de 180 d\u00edas desde que es emitido y no puede tener fecha anterior a la de la emisi\u00f3n de la factura comercial que ampara la carga.<\/p>\n<p>[\/et_pb_text][\/et_pb_column][\/et_pb_row][\/et_pb_section][et_pb_section fb_built=\u00bb1&#8243; theme_builder_area=\u00bbpost_content\u00bb _builder_version=\u00bb4.21.0&#8243; _module_preset=\u00bbdefault\u00bb custom_padding=\u00bb3px||0px|||\u00bb][et_pb_row _builder_version=\u00bb4.21.0&#8243; _module_preset=\u00bbdefault\u00bb theme_builder_area=\u00bbpost_content\u00bb][et_pb_column _builder_version=\u00bb4.21.0&#8243; _module_preset=\u00bbdefault\u00bb type=\u00bb4_4&#8243; theme_builder_area=\u00bbpost_content\u00bb][et_pb_divider _builder_version=\u00bb4.21.0&#8243; _module_preset=\u00bbdefault\u00bb theme_builder_area=\u00bbpost_content\u00bb hover_enabled=\u00bb0&#8243; sticky_enabled=\u00bb0&#8243;][\/et_pb_divider][\/et_pb_column][\/et_pb_row][\/et_pb_section]<\/p>\n","protected":false},"excerpt":{"rendered":"<p>DocumentacionMIC\/DTA (Manifiesto Internacional de Carga \u2013 Declaraci\u00f3n de Tr\u00e1nsito Aduanero)Este documento es utilizado solamente en la modalidad de transporte terrestre de cargas por carretera, y especialmente con los pa\u00edses que son lim\u00edtrofes a la Argentina, en cargas de exportaci\u00f3n y tr\u00e1nsito. Su funci\u00f3n esencial es contener los datos del medio de transporte que lleva la [&hellip;]<\/p>\n","protected":false},"author":1,"featured_media":0,"parent":25539,"menu_order":8,"comment_status":"closed","ping_status":"closed","template":"","meta":{"_et_pb_use_builder":"on","_et_pb_old_content":"","_et_gb_content_width":"","footnotes":""},"class_list":["post-25630","page","type-page","status-publish","hentry"],"_links":{"self":[{"href":"https:\/\/www.speedcustoms.com.ar\/en\/wp-json\/wp\/v2\/pages\/25630","targetHints":{"allow":["GET"]}}],"collection":[{"href":"https:\/\/www.speedcustoms.com.ar\/en\/wp-json\/wp\/v2\/pages"}],"about":[{"href":"https:\/\/www.speedcustoms.com.ar\/en\/wp-json\/wp\/v2\/types\/page"}],"author":[{"embeddable":true,"href":"https:\/\/www.speedcustoms.com.ar\/en\/wp-json\/wp\/v2\/users\/1"}],"replies":[{"embeddable":true,"href":"https:\/\/www.speedcustoms.com.ar\/en\/wp-json\/wp\/v2\/comments?post=25630"}],"version-history":[{"count":6,"href":"https:\/\/www.speedcustoms.com.ar\/en\/wp-json\/wp\/v2\/pages\/25630\/revisions"}],"predecessor-version":[{"id":25964,"href":"https:\/\/www.speedcustoms.com.ar\/en\/wp-json\/wp\/v2\/pages\/25630\/revisions\/25964"}],"up":[{"embeddable":true,"href":"https:\/\/www.speedcustoms.com.ar\/en\/wp-json\/wp\/v2\/pages\/25539"}],"wp:attachment":[{"href":"https:\/\/www.speedcustoms.com.ar\/en\/wp-json\/wp\/v2\/media?parent=25630"}],"curies":[{"name":"wp","href":"https:\/\/api.w.org\/{rel}","templated":true}]}}