{"id":25651,"date":"2022-11-25T00:09:05","date_gmt":"2022-11-25T03:09:05","guid":{"rendered":"https:\/\/www.speedcustoms.com.ar\/?page_id=25651"},"modified":"2023-06-08T05:30:35","modified_gmt":"2023-06-08T08:30:35","slug":"incoterms","status":"publish","type":"page","link":"https:\/\/www.speedcustoms.com.ar\/en\/freight-forwarding\/incoterms\/","title":{"rendered":"Incoterms"},"content":{"rendered":"<p>[et_pb_section fb_built=\u00bb1&#8243; admin_label=\u00bbHeader\u00bb _builder_version=\u00bb4.16&#8243; _module_preset=\u00bbdefault\u00bb use_background_color_gradient=\u00bbon\u00bb background_color_gradient_direction=\u00bb90deg\u00bb background_color_gradient_stops=\u00bb#ffffff 60%|#4c594c 60%\u00bb background_color_gradient_start=\u00bb#ffffff\u00bb background_color_gradient_start_position=\u00bb60%\u00bb background_color_gradient_end=\u00bb#4c594c\u00bb background_color_gradient_end_position=\u00bb60%\u00bb background_last_edited=\u00bbon|tablet\u00bb background_color_gradient_stops_tablet=\u00bb#ffffff 95%|#4c594c 95%\u00bb background_color_gradient_start_position_tablet=\u00bb95%\u00bb background_color_gradient_end_position_tablet=\u00bb95%\u00bb global_colors_info=\u00bb{}\u00bb][et_pb_row column_structure=\u00bb1_2,1_2&#8243; _builder_version=\u00bb4.16&#8243; _module_preset=\u00bbdefault\u00bb custom_padding=\u00bb||0px|||\u00bb global_colors_info=\u00bb{}\u00bb][et_pb_column type=\u00bb1_2&#8243; _builder_version=\u00bb4.16&#8243; _module_preset=\u00bbdefault\u00bb global_colors_info=\u00bb{}\u00bb][et_pb_text _builder_version=\u00bb4.19.1&#8243; _module_preset=\u00bbe598b17a-9229-42f6-b238-019d6094332e\u00bb header_font=\u00bbOutfit|600|||||||\u00bb header_text_color=\u00bb#000000&#8243; header_font_size=\u00bb57px\u00bb header_line_height=\u00bb1.1em\u00bb custom_margin=\u00bb||0px||false|false\u00bb header_font_size_tablet=\u00bb40px\u00bb header_font_size_phone=\u00bb24px\u00bb header_font_size_last_edited=\u00bbon|phone\u00bb locked=\u00bboff\u00bb global_colors_info=\u00bb{}\u00bb]<\/p>\n<h1>Finalidad de los incoterms<\/h1>\n<p>[\/et_pb_text][et_pb_divider color=\u00bbrgba(76,89,76,0.3)\u00bb divider_weight=\u00bb10px\u00bb _builder_version=\u00bb4.16&#8243; _module_preset=\u00bba9fcc5b1-74c5-43b4-b776-3e310da5f3e8&#8243; z_index=\u00bb10&#8243; max_width=\u00bb260px\u00bb height=\u00bb10px\u00bb custom_margin=\u00bb-32px||30px||false|false\u00bb custom_margin_tablet=\u00bb-27px||||false|false\u00bb custom_margin_phone=\u00bb-18px||||false|false\u00bb custom_margin_last_edited=\u00bbon|phone\u00bb global_colors_info=\u00bb{}\u00bb][\/et_pb_divider][\/et_pb_column][et_pb_column type=\u00bb1_2&#8243; _builder_version=\u00bb4.16&#8243; _module_preset=\u00bbdefault\u00bb global_colors_info=\u00bb{}\u00bb][\/et_pb_column][\/et_pb_row][et_pb_row column_structure=\u00bb1_2,1_2&#8243; _builder_version=\u00bb4.16&#8243; _module_preset=\u00bbdefault\u00bb custom_padding=\u00bb0px|||||\u00bb global_colors_info=\u00bb{}\u00bb][et_pb_column type=\u00bb1_2&#8243; _builder_version=\u00bb4.16&#8243; _module_preset=\u00bbdefault\u00bb global_colors_info=\u00bb{}\u00bb][et_pb_text _builder_version=\u00bb4.19.1&#8243; _module_preset=\u00bbbc6cae60-9fd0-48b3-a032-f2876734c2dd\u00bb text_font=\u00bb||||||||\u00bb text_font_size=\u00bb17px\u00bb text_font_size_tablet=\u00bb16px\u00bb text_font_size_phone=\u00bb14px\u00bb text_font_size_last_edited=\u00bbon|phone\u00bb locked=\u00bboff\u00bb global_colors_info=\u00bb{}\u00bb]<\/p>\n<p>Establecer un conjunto de reglas internacionales para la interpretaci\u00f3n de los t\u00e9rminos utilizados en el comercio internacional. As\u00ed podr\u00e1n evitarse las incertidumbres derivadas de las distintas interpretaciones de tales t\u00e9rminos en diferentes pa\u00edses.<\/p>\n<p>Los INCOTERMS y su variedad, indican en donde inicia y en donde termina la responsabilidad del que vende y en donde empieza la responsabilidad del que compra<br \/>Los INCOTERMS determinan el punto de transferencia de la responsabilidad de las mercanc\u00edas en tr\u00e1nsito.<br \/>Los INCOTERMS no determinan la propiedad de una mercader\u00eda, este punto debe ser previsto en otra cl\u00e1usula en el contrato de venta.<br \/>Los INCOTERMS determinan el punto exacto de la transferencia del riesgo y la responsabilidad del cuidado de la mercanc\u00eda entre vendedor y comprador.<\/p>\n<p>[\/et_pb_text][\/et_pb_column][et_pb_column type=\u00bb1_2&#8243; _builder_version=\u00bb4.16&#8243; _module_preset=\u00bbdefault\u00bb global_colors_info=\u00bb{}\u00bb][et_pb_image src=\u00bbhttps:\/\/www.speedcustoms.com.ar\/wp-content\/uploads\/2023\/05\/speedcustoms-86.jpg\u00bb title_text=\u00bbspeedcustoms-86&#8243; _builder_version=\u00bb4.21.0&#8243; _module_preset=\u00bbdefault\u00bb box_shadow_style=\u00bbpreset2&#8243; box_shadow_horizontal=\u00bb0px\u00bb box_shadow_vertical=\u00bb60px\u00bb box_shadow_blur=\u00bb60px\u00bb box_shadow_color=\u00bbrgba(0,0,0,0.15)\u00bb global_colors_info=\u00bb{}\u00bb][\/et_pb_image][\/et_pb_column][\/et_pb_row][\/et_pb_section][et_pb_section fb_built=\u00bb1&#8243; admin_label=\u00bbStats\u00bb _builder_version=\u00bb4.16&#8243; _module_preset=\u00bbdefault\u00bb global_colors_info=\u00bb{}\u00bb][et_pb_row column_structure=\u00bb1_2,1_2&#8243; _builder_version=\u00bb4.19.1&#8243; _module_preset=\u00bbdefault\u00bb global_colors_info=\u00bb{}\u00bb][et_pb_column type=\u00bb1_2&#8243; _builder_version=\u00bb4.16&#8243; _module_preset=\u00bbdefault\u00bb global_colors_info=\u00bb{}\u00bb][et_pb_text _builder_version=\u00bb4.19.1&#8243; _module_preset=\u00bbbc6cae60-9fd0-48b3-a032-f2876734c2dd\u00bb text_font=\u00bb||||||||\u00bb text_font_size=\u00bb15px\u00bb text_line_height=\u00bb1.8em\u00bb text_font_size_tablet=\u00bb16px\u00bb text_font_size_phone=\u00bb14px\u00bb text_font_size_last_edited=\u00bbon|phone\u00bb locked=\u00bboff\u00bb global_colors_info=\u00bb{}\u00bb]<\/p>\n<p><strong>Los Incoterms se agrupan en 4 categor\u00edas:<\/strong><\/p>\n<p>E: EXW \u00fanico t\u00e9rmino por el que el vendedor pone las mercanc\u00edas a disposici\u00f3n del comprador en el local del vendedor.<br \/>F: FCA, FAS y FOB, el vendedor se encarga de entregar la mercanc\u00eda a un medio de transporte escogido por el comprador.<br \/>C: CFR, CIF, CPT y CIP, el vendedor contrata el transporte sin asumir riesgos de p\u00e9rdida o da\u00f1o de la mercanc\u00eda o costos adicionales despu\u00e9s de la carga y despacho.<br \/>D: DAF, DES, DEQ, DDU y DDP, el vendedor soporta todos los gastos y riesgos necesarios para llevar la mercanc\u00eda al pa\u00eds de destino.<\/p>\n<p>[\/et_pb_text][\/et_pb_column][et_pb_column type=\u00bb1_2&#8243; _builder_version=\u00bb4.16&#8243; _module_preset=\u00bbdefault\u00bb global_colors_info=\u00bb{}\u00bb][et_pb_text _builder_version=\u00bb4.21.0&#8243; _module_preset=\u00bbdefault\u00bb text_font_size=\u00bb15px\u00bb global_colors_info=\u00bb{}\u00bb]<\/p>\n<p><strong>EXW &#8211; EN FABRICA<\/strong><\/p>\n<p>En F\u00e1brica\u00bb significa que el vendedor entrega la mercanc\u00eda al comprador cuando pone la mercanc\u00eda a disposici\u00f3n del comprador en un lugar designado (como una f\u00e1brica o almac\u00e9n), y ese lugar designado puede ser, o no, las instalaciones del vendedor.<br \/>Para que ocurra la entrega, no es necesario que el vendedor cargue la mercanc\u00eda en ning\u00fan veh\u00edculo de recogida, ni es necesario que la despache para la exportaci\u00f3n, cuando tal despacho sea aplicable.<\/p>\n<p>[\/et_pb_text][\/et_pb_column][\/et_pb_row][\/et_pb_section][et_pb_section fb_built=\u00bb1&#8243; _builder_version=\u00bb4.19.1&#8243; _module_preset=\u00bbdefault\u00bb global_colors_info=\u00bb{}\u00bb][et_pb_row _builder_version=\u00bb4.19.1&#8243; _module_preset=\u00bbdefault\u00bb global_colors_info=\u00bb{}\u00bb][et_pb_column type=\u00bb4_4&#8243; _builder_version=\u00bb4.19.1&#8243; _module_preset=\u00bbdefault\u00bb global_colors_info=\u00bb{}\u00bb][et_pb_image src=\u00bbhttps:\/\/www.speedcustoms.com.ar\/wp-content\/uploads\/2022\/11\/Incoterms.jpg\u00bb title_text=\u00bbIncoterms\u00bb align=\u00bbcenter\u00bb _builder_version=\u00bb4.19.1&#8243; _module_preset=\u00bbdefault\u00bb global_colors_info=\u00bb{}\u00bb][\/et_pb_image][\/et_pb_column][\/et_pb_row][\/et_pb_section][et_pb_section fb_built=\u00bb1&#8243; admin_label=\u00bbStats\u00bb _builder_version=\u00bb4.16&#8243; _module_preset=\u00bbdefault\u00bb global_colors_info=\u00bb{}\u00bb][et_pb_row column_structure=\u00bb1_2,1_2&#8243; _builder_version=\u00bb4.19.1&#8243; _module_preset=\u00bbdefault\u00bb global_colors_info=\u00bb{}\u00bb][et_pb_column type=\u00bb1_2&#8243; _builder_version=\u00bb4.16&#8243; _module_preset=\u00bbdefault\u00bb global_colors_info=\u00bb{}\u00bb][et_pb_text _builder_version=\u00bb4.21.0&#8243; _module_preset=\u00bbbc6cae60-9fd0-48b3-a032-f2876734c2dd\u00bb text_font=\u00bb||||||||\u00bb text_font_size=\u00bb15px\u00bb text_line_height=\u00bb1.8em\u00bb text_font_size_tablet=\u00bb16px\u00bb text_font_size_phone=\u00bb14px\u00bb text_font_size_last_edited=\u00bbon|phone\u00bb locked=\u00bboff\u00bb global_colors_info=\u00bb{}\u00bb]<\/p>\n<p><strong>FCA &#8211; FRANCO PORTEADOR<\/strong><\/p>\n<p>significa que el vendedor entrega la mercanc\u00eda al comprador en una de estas dos maneras.<br \/>&#8211; Primero, cuando el lugar designado son las instalaciones del vendedor. la mercanc\u00eda se entrega cuando se carga en los medios de transporte dispuestos por el comprador.<br \/>&#8211; Segundo, cuando el lugar designado es otro, la mercanc\u00eda se entrega cuando, habiendo sido cargada en los medios de transporte del vendedor, alcanza el otro lugar designado y est\u00e1 preparada para la descarga desde aquellos medios de transporte del vendedor y a la disposici\u00f3n del porteador o de otra persona designada por el comprador.<br \/>En cualquiera de las dos opciones que se escoja como lugar de entrega, dicho lugar identifica d\u00f3nde el riesgo se transmite al comprador y el momento a partir del cual los costos son por cuenta del comprador.<\/p>\n<p>[\/et_pb_text][\/et_pb_column][et_pb_column type=\u00bb1_2&#8243; _builder_version=\u00bb4.16&#8243; _module_preset=\u00bbdefault\u00bb global_colors_info=\u00bb{}\u00bb][et_pb_text _builder_version=\u00bb4.21.0&#8243; _module_preset=\u00bbdefault\u00bb text_font_size=\u00bb15px\u00bb global_colors_info=\u00bb{}\u00bb]<\/p>\n<p><strong>CPT &#8211; TRANSPORTE PAGADO HASTA<\/strong><\/p>\n<p>significa que el vendedor entrega la mercanc\u00eda y transmite el riesgo al comprador poni\u00e9ndola en poder del porteador contratado por el vendedor o procurando la mercanc\u00eda as\u00ed entregada.<br \/>El vendedor puede hacerlo dando al porteador la posesi\u00f3n f\u00edsica de la mercanc\u00eda en la manera y en el lugar apropiados para los medios de transporte utilizados.<br \/>Una vez la mercanc\u00eda se ha entregado al comprador de este modo, el vendedor no garantiza que la mercanc\u00eda llegue al lugar de destino en buen estado, en la cantidad estipulada o incluso que llegue. Esto es as\u00ed porque el riesgo se transmite del vendedor al comprador cuando la mercanc\u00eda se entrega al comprador poni\u00e9ndola en poder del porteador; el vendedor, no obstante, debe contratar el transporte de la mercanc\u00eda desde la entrega hasta el destino acordado. As\u00ed, por ejemplo, la mercanc\u00eda se pone en poder de un porteador en Las Vegas (que no es un puerto) para transportarla a Southampton (un puerto) o a Winchester (que no es un puerto). En cualquiera de los dos casos, la entrega transmitiendo el riesgo al comprador ocurre en Las Vegas, y el vendedor debe formalizar un contrato de transporte hasta Southampton o hasta Winchester.<\/p>\n<p>[\/et_pb_text][\/et_pb_column][\/et_pb_row][\/et_pb_section][et_pb_section fb_built=\u00bb1&#8243; admin_label=\u00bbStats\u00bb _builder_version=\u00bb4.16&#8243; _module_preset=\u00bbdefault\u00bb global_colors_info=\u00bb{}\u00bb][et_pb_row column_structure=\u00bb1_2,1_2&#8243; _builder_version=\u00bb4.19.1&#8243; _module_preset=\u00bbdefault\u00bb global_colors_info=\u00bb{}\u00bb][et_pb_column type=\u00bb1_2&#8243; _builder_version=\u00bb4.16&#8243; _module_preset=\u00bbdefault\u00bb global_colors_info=\u00bb{}\u00bb][et_pb_text _builder_version=\u00bb4.21.0&#8243; _module_preset=\u00bbbc6cae60-9fd0-48b3-a032-f2876734c2dd\u00bb text_font=\u00bb||||||||\u00bb text_font_size=\u00bb15px\u00bb text_line_height=\u00bb1.8em\u00bb text_font_size_tablet=\u00bb16px\u00bb text_font_size_phone=\u00bb14px\u00bb text_font_size_last_edited=\u00bbon|phone\u00bb locked=\u00bboff\u00bb global_colors_info=\u00bb{}\u00bb]<\/p>\n<p><strong>CIP &#8211; TRANSPORTE Y SEGURO PAGADOS HASTA<\/strong><\/p>\n<p>significa que el vendedor entrega la mercanc\u00eda y transmite el riesgo al comprador.<br \/>poni\u00e9ndola en poder del porteador contratado por el vendedor o procurando la mercanc\u00eda as\u00ed entregada.<br \/>El vendedor puede hacerlo dando al porteador la posesi\u00f3n f\u00edsica de la mercanc\u00eda en la manera y en el lugar apropiados para los medios de transporte utilizados.<br \/>Una vez la mercanc\u00eda se ha entregado al comprador de este modo, el vendedor no garantiza que la mercanc\u00eda llegue al lugar de destino en buen estado, en la cantidad estipulada o incluso que llegue. Esto es as\u00ed porque el riesgo se transmite del vendedor al comprador cuando la mercanc\u00eda se entrega al comprador poni\u00e9ndola en poder del porteador; el vendedor, no obstante debe contratar el transporte de la mercanc\u00eda desde la entrega hasta el destino acordado. As\u00ed, por ejemplo, la mercanc\u00eda se pone en poder de un porteador en Las Vegas (que no es un puerto) para transportarla a Southampton (un puerto) o a Winchester (que no es un puerto). En cualquiera de los dos casos, la entrega transmitiendo el riesgo comprador ocurre en Las Vegas, y el vendedor debe formalizar un contrato de transporte hasta Southampton o hasta Winchester.<\/p>\n<p>[\/et_pb_text][\/et_pb_column][et_pb_column type=\u00bb1_2&#8243; _builder_version=\u00bb4.16&#8243; _module_preset=\u00bbdefault\u00bb global_colors_info=\u00bb{}\u00bb][et_pb_text _builder_version=\u00bb4.21.0&#8243; _module_preset=\u00bbdefault\u00bb text_font_size=\u00bb15px\u00bb global_colors_info=\u00bb{}\u00bb]<\/p>\n<p><strong>DAP &#8211; ENTREGA EN LUGAR<\/strong><\/p>\n<p>significa que el vendedor entrega la mercanc\u00eda -y transmite el riesgo- al comprador cuando la mercanc\u00eda se pone a disposici\u00f3n del comprador en los medios de transporte de llegada preparada para la descarga en el lugar de destino designado o en el punto acordado en ese lugar, si se acuerda tal punto.<\/p>\n<p><strong>DPU &#8211; ENTREGADA EN LUGAR DESCARGADA<\/strong><\/p>\n<p>significa que el vendedor entrega la mercanc\u00eda y transmite el riesgo al comprador cuando la mercanc\u00eda una vez descargada de los medios de transporte de llegada se pone a disposici\u00f3n del comprador en un lugar de destino designado o en el punto acordado en ese lugar, si se acuerda tal punto.<br \/>El vendedor corre con todos los riesgos que implica llevar la mercanc\u00eda hasta el lugar de destino designado y descargarla. En esta regla Incoterms\u00ae, por tanto, entrega y llegada a destino son lo mismo. DPU es la \u00fanica regla Incoterms\u00ae que exige al vendedor que descargue la mercanc\u00eda en destino. El vendedor, por tanto, deber\u00eda asegurarse de que est\u00e1 en condiciones de organizar la descarga en el lugar designado. Si la intenci\u00f3n de las partes fuera que el vendedor no corra con el riesgo y el costo de la descarga, deber\u00edan evitar la regla DPU y utilizar, en cambio, DAP.<\/p>\n<p>[\/et_pb_text][\/et_pb_column][\/et_pb_row][\/et_pb_section][et_pb_section fb_built=\u00bb1&#8243; _builder_version=\u00bb4.19.1&#8243; _module_preset=\u00bbdefault\u00bb global_colors_info=\u00bb{}\u00bb][et_pb_row _builder_version=\u00bb4.19.1&#8243; _module_preset=\u00bbdefault\u00bb global_colors_info=\u00bb{}\u00bb][et_pb_column type=\u00bb4_4&#8243; _builder_version=\u00bb4.19.1&#8243; _module_preset=\u00bbdefault\u00bb global_colors_info=\u00bb{}\u00bb][et_pb_text _builder_version=\u00bb4.21.0&#8243; _module_preset=\u00bbdefault\u00bb text_font_size=\u00bb15px\u00bb global_colors_info=\u00bb{}\u00bb]<\/p>\n<p><strong>DDP &#8211; ENTREGADA DERECHOS PAGADOS<\/strong><\/p>\n<p>significa que el vendedor entrega la mercanc\u00eda al comprador &#8211; cuando la mercanc\u00eda se pone a disposici\u00f3n del comprador, despachada para la importaci\u00f3n, en los medios de transporte de llegada, preparada para la descarga, en el lugar de destino designado o<br \/>&#8211; en el punto acordado en ese lugar, si se acuerda tal punto.<br \/>El vendedor corre con todos los riesgos que implica llevar la mercanc\u00eda hasta el lugar de destino designado o hasta el punto acordado en ese lugar. En esta regla lncoterms\u00ae, por tanto, entrega y llegada a destino son lo mismo.<\/p>\n<p><strong>REGLAS DEL TRANPORTE MARITIMO Y VIAS NAVEGABLES INTERIORES<br \/><\/strong><strong>FAS &#8211; FRANCO AL COSTADO DEL BUQUE<\/strong><\/p>\n<p>significa que el vendedor entrega la mercanc\u00eda al comprador- cuando la mercanc\u00eda se coloca al costado del buque (por ejemplo, en el muelle o en una barcaza) designado por el comprador en el puerto de embarque designado cuando el vendedor procura la mercanc\u00eda as\u00ed ya entregada.El riesgo de p\u00e9rdida o da\u00f1o de la mercanc\u00eda se transmite cuando la mercanc\u00eda est\u00e1 al costado del buque, y el comprador corre con todos los costos desde ese momento en adelante<\/p>\n<p><strong>FOB &#8211; FRANCO A BORDO<\/strong><\/p>\n<p>significa que el vendedor entrega la mercanc\u00eda al comprador a bordo del buque designado por el comprador en el puerto de embarque designado procura la mercanc\u00eda as\u00ed ya entregada.El riesgo de p\u00e9rdida o da\u00f1o de la mercanc\u00eda se transmite cuando la mercanc\u00eda est\u00e1 a bordo del buque, y el comprador corre con todos los costos desde ese momento en adelante.<\/p>\n<p><strong>CFR &#8211; COSTO Y FLETE<\/strong><\/p>\n<p>significa que el vendedor entrega la mercanc\u00eda al comprador a bordo del buque o procura la mercanc\u00eda as\u00ed ya entregada.<br \/>El riesgo de p\u00e9rdida o da\u00f1o de la mercanc\u00eda se transmite cuando la mercanc\u00eda est\u00e1 a bordo del buque, de modo que se considera que el vendedor ha cumplido su obligaci\u00f3n de entregar la mercanc\u00eda tanto si esta realmente llega a su destino, o no, en buen estado, en la cantidad estipulada, o incluso si no llegara. En CFR, el vendedor no tiene ninguna obligaci\u00f3n ante el comprador de obtener una cobertura de seguro: se aconseja al comprador, por tanto, que obtenga alguna cobertura para s\u00ed mismo<\/p>\n<p><strong>CIF &#8211; COSTO, SEGURO Y FLETE<\/strong><\/p>\n<p>significa que el vendedor entrega la mercanc\u00eda al comprador a bordo del buque<br \/>procura la mercanc\u00eda as\u00ed ya entregada.<br \/>El riesgo de p\u00e9rdida o da\u00f1o de la mercanc\u00eda se transmite cuando la mercanc\u00eda est\u00e1 a bordo del buque, de modo que se considera que el vendedor ha cumplido su obligaci\u00f3n de entregar la mercanc\u00eda tanto si est\u00e1 realmente llega a su destino, o no, en buen estado, en la cantidad estipulada, o incluso si no llegara.<\/p>\n<p>[\/et_pb_text][\/et_pb_column][\/et_pb_row][\/et_pb_section][et_pb_section fb_built=\u00bb1&#8243; theme_builder_area=\u00bbpost_content\u00bb _builder_version=\u00bb4.21.0&#8243; _module_preset=\u00bbdefault\u00bb custom_padding=\u00bb6px||3px|||\u00bb][et_pb_row _builder_version=\u00bb4.21.0&#8243; _module_preset=\u00bbdefault\u00bb theme_builder_area=\u00bbpost_content\u00bb][et_pb_column _builder_version=\u00bb4.21.0&#8243; _module_preset=\u00bbdefault\u00bb type=\u00bb4_4&#8243; theme_builder_area=\u00bbpost_content\u00bb][et_pb_divider _builder_version=\u00bb4.21.0&#8243; _module_preset=\u00bbdefault\u00bb theme_builder_area=\u00bbpost_content\u00bb hover_enabled=\u00bb0&#8243; sticky_enabled=\u00bb0&#8243;][\/et_pb_divider][\/et_pb_column][\/et_pb_row][\/et_pb_section]<\/p>\n","protected":false},"excerpt":{"rendered":"<p>Finalidad de los incotermsEstablecer un conjunto de reglas internacionales para la interpretaci\u00f3n de los t\u00e9rminos utilizados en el comercio internacional. As\u00ed podr\u00e1n evitarse las incertidumbres derivadas de las distintas interpretaciones de tales t\u00e9rminos en diferentes pa\u00edses. Los INCOTERMS y su variedad, indican en donde inicia y en donde termina la responsabilidad del que vende y [&hellip;]<\/p>\n","protected":false},"author":1,"featured_media":0,"parent":25539,"menu_order":1,"comment_status":"closed","ping_status":"closed","template":"","meta":{"_et_pb_use_builder":"on","_et_pb_old_content":"","_et_gb_content_width":"","footnotes":""},"class_list":["post-25651","page","type-page","status-publish","hentry"],"_links":{"self":[{"href":"https:\/\/www.speedcustoms.com.ar\/en\/wp-json\/wp\/v2\/pages\/25651","targetHints":{"allow":["GET"]}}],"collection":[{"href":"https:\/\/www.speedcustoms.com.ar\/en\/wp-json\/wp\/v2\/pages"}],"about":[{"href":"https:\/\/www.speedcustoms.com.ar\/en\/wp-json\/wp\/v2\/types\/page"}],"author":[{"embeddable":true,"href":"https:\/\/www.speedcustoms.com.ar\/en\/wp-json\/wp\/v2\/users\/1"}],"replies":[{"embeddable":true,"href":"https:\/\/www.speedcustoms.com.ar\/en\/wp-json\/wp\/v2\/comments?post=25651"}],"version-history":[{"count":15,"href":"https:\/\/www.speedcustoms.com.ar\/en\/wp-json\/wp\/v2\/pages\/25651\/revisions"}],"predecessor-version":[{"id":25956,"href":"https:\/\/www.speedcustoms.com.ar\/en\/wp-json\/wp\/v2\/pages\/25651\/revisions\/25956"}],"up":[{"embeddable":true,"href":"https:\/\/www.speedcustoms.com.ar\/en\/wp-json\/wp\/v2\/pages\/25539"}],"wp:attachment":[{"href":"https:\/\/www.speedcustoms.com.ar\/en\/wp-json\/wp\/v2\/media?parent=25651"}],"curies":[{"name":"wp","href":"https:\/\/api.w.org\/{rel}","templated":true}]}}