{"id":25692,"date":"2023-04-06T14:37:46","date_gmt":"2023-04-06T17:37:46","guid":{"rendered":"https:\/\/www.speedcustoms.com.ar\/?page_id=25692"},"modified":"2023-06-08T05:29:29","modified_gmt":"2023-06-08T08:29:29","slug":"contenedores","status":"publish","type":"page","link":"https:\/\/www.speedcustoms.com.ar\/en\/freight-forwarding\/contenedores\/","title":{"rendered":"Containers"},"content":{"rendered":"<p>[et_pb_section fb_built=\u00bb1&#8243; admin_label=\u00bbHeader\u00bb _builder_version=\u00bb4.16&#8243; _module_preset=\u00bbdefault\u00bb use_background_color_gradient=\u00bbon\u00bb background_color_gradient_direction=\u00bb90deg\u00bb background_color_gradient_stops=\u00bb#ffffff 60%|#4c594c 60%\u00bb background_color_gradient_start=\u00bb#ffffff\u00bb background_color_gradient_start_position=\u00bb60%\u00bb background_color_gradient_end=\u00bb#4c594c\u00bb background_color_gradient_end_position=\u00bb60%\u00bb background_last_edited=\u00bbon|tablet\u00bb background_color_gradient_stops_tablet=\u00bb#ffffff 95%|#4c594c 95%\u00bb background_color_gradient_start_position_tablet=\u00bb95%\u00bb background_color_gradient_end_position_tablet=\u00bb95%\u00bb global_colors_info=\u00bb{}\u00bb][et_pb_row column_structure=\u00bb1_2,1_2&#8243; _builder_version=\u00bb4.16&#8243; _module_preset=\u00bbdefault\u00bb custom_padding=\u00bb||0px|||\u00bb global_colors_info=\u00bb{}\u00bb][et_pb_column type=\u00bb1_2&#8243; _builder_version=\u00bb4.16&#8243; _module_preset=\u00bbdefault\u00bb global_colors_info=\u00bb{}\u00bb][et_pb_text _builder_version=\u00bb4.20.4&#8243; _module_preset=\u00bbe598b17a-9229-42f6-b238-019d6094332e\u00bb header_font=\u00bbOutfit|600|||||||\u00bb header_text_color=\u00bb#000000&#8243; header_font_size=\u00bb72px\u00bb header_line_height=\u00bb1.1em\u00bb custom_margin=\u00bb||0px||false|false\u00bb header_font_size_tablet=\u00bb40px\u00bb header_font_size_phone=\u00bb24px\u00bb header_font_size_last_edited=\u00bbon|phone\u00bb locked=\u00bboff\u00bb global_colors_info=\u00bb{}\u00bb]<\/p>\n<h1>Contenedores<\/h1>\n<p>[\/et_pb_text][et_pb_divider color=\u00bbrgba(76,89,76,0.3)\u00bb divider_weight=\u00bb10px\u00bb _builder_version=\u00bb4.16&#8243; _module_preset=\u00bba9fcc5b1-74c5-43b4-b776-3e310da5f3e8&#8243; z_index=\u00bb10&#8243; max_width=\u00bb260px\u00bb height=\u00bb10px\u00bb custom_margin=\u00bb-32px||30px||false|false\u00bb custom_margin_tablet=\u00bb-27px||||false|false\u00bb custom_margin_phone=\u00bb-18px||||false|false\u00bb custom_margin_last_edited=\u00bbon|phone\u00bb global_colors_info=\u00bb{}\u00bb][\/et_pb_divider][\/et_pb_column][et_pb_column type=\u00bb1_2&#8243; _builder_version=\u00bb4.16&#8243; _module_preset=\u00bbdefault\u00bb global_colors_info=\u00bb{}\u00bb][\/et_pb_column][\/et_pb_row][et_pb_row column_structure=\u00bb1_2,1_2&#8243; _builder_version=\u00bb4.16&#8243; _module_preset=\u00bbdefault\u00bb custom_padding=\u00bb0px|||||\u00bb global_colors_info=\u00bb{}\u00bb][et_pb_column type=\u00bb1_2&#8243; _builder_version=\u00bb4.16&#8243; _module_preset=\u00bbdefault\u00bb global_colors_info=\u00bb{}\u00bb][et_pb_text _builder_version=\u00bb4.20.4&#8243; _module_preset=\u00bbbc6cae60-9fd0-48b3-a032-f2876734c2dd\u00bb text_font=\u00bb||||||||\u00bb text_font_size=\u00bb18px\u00bb text_line_height=\u00bb1.8em\u00bb text_font_size_tablet=\u00bb16px\u00bb text_font_size_phone=\u00bb14px\u00bb text_font_size_last_edited=\u00bbon|phone\u00bb locked=\u00bboff\u00bb global_colors_info=\u00bb{}\u00bb]<\/p>\n<p>Con la responsabilidad de resguardar la integridad de la mercaderia en transito, los containers protegen y aseguran el optimo transporte a lo largo del recorrido comercial.<\/p>\n<p>[\/et_pb_text][\/et_pb_column][et_pb_column type=\u00bb1_2&#8243; _builder_version=\u00bb4.16&#8243; _module_preset=\u00bbdefault\u00bb global_colors_info=\u00bb{}\u00bb][et_pb_image src=\u00bbhttps:\/\/www.speedcustoms.com.ar\/wp-content\/uploads\/2022\/11\/imagen-peso-y-volumen.jpg\u00bb title_text=\u00bbimagen peso y volumen\u00bb _builder_version=\u00bb4.20.4&#8243; _module_preset=\u00bbdefault\u00bb box_shadow_style=\u00bbpreset2&#8243; box_shadow_horizontal=\u00bb0px\u00bb box_shadow_vertical=\u00bb60px\u00bb box_shadow_blur=\u00bb60px\u00bb box_shadow_color=\u00bbrgba(0,0,0,0.15)\u00bb global_colors_info=\u00bb{}\u00bb][\/et_pb_image][\/et_pb_column][\/et_pb_row][\/et_pb_section][et_pb_section fb_built=\u00bb1&#8243; admin_label=\u00bbStats\u00bb _builder_version=\u00bb4.16&#8243; _module_preset=\u00bbdefault\u00bb global_colors_info=\u00bb{}\u00bb][et_pb_row column_structure=\u00bb1_2,1_2&#8243; _builder_version=\u00bb4.20.4&#8243; _module_preset=\u00bbdefault\u00bb global_colors_info=\u00bb{}\u00bb][et_pb_column type=\u00bb1_2&#8243; _builder_version=\u00bb4.16&#8243; _module_preset=\u00bbdefault\u00bb global_colors_info=\u00bb{}\u00bb][et_pb_text _builder_version=\u00bb4.20.4&#8243; _module_preset=\u00bbbc6cae60-9fd0-48b3-a032-f2876734c2dd\u00bb text_font=\u00bb||||||||\u00bb text_font_size=\u00bb15px\u00bb text_line_height=\u00bb1.8em\u00bb text_font_size_tablet=\u00bb16px\u00bb text_font_size_phone=\u00bb14px\u00bb text_font_size_last_edited=\u00bbon|phone\u00bb locked=\u00bboff\u00bb global_colors_info=\u00bb{}\u00bb]<\/p>\n<p><strong>Contenedores Comunes o Dryvan<\/strong><br \/><em>Disponible para cualquier carga seca normal. Ejemplos: bolsas, pallets, cajas, tambores, etc.<\/em><\/p>\n<p><strong>20\u2032 Standard 20\u00b4 x 8\u00b4 x 8\u00b46\u2033<\/strong><br \/>Tara: 2300 kg \/ 5070 lb<br \/>Carga Max.: 28180 kg\/62130 lb<br \/>Max. P. B. : 30480 kg\/67200 lb<\/p>\n<p><em>Medidas Internas<\/em><br \/>Largo: 5898 mm \/ 19\u00b44\u2033<br \/>Ancho: 2352 mm \/ 7\u00b49\u2033<br \/>Altura: 2393 mm \/ 7\u00b410\u2033<br \/>Capacidad Cub. 33,2 m3 \/ 1172 ft3<\/p>\n<p><strong>40 Pies Standard 40\u00b4 x 8\u00b4 x 8\u00b46\u2033<\/strong><br \/>Tara 3750 kg \/ 8265 lb<br \/>Carga Max. 28750 kg \/ 63385 lb<br \/>Max. P. B. 32500 kg \/ 71650 lb<\/p>\n<p><em>Medidas Internas<\/em><br \/>Largo: 12032 mm \/ 39\u00b46\u2033<br \/>Ancho 2352 mm \/ 7\u00b49\u2033<br \/>Altura: 2393 mm \/ 7\u00b410\u2033<br \/>Capacidad Cub. 67,7 m3 \/ 2390 ft3<\/p>\n<p><strong>40 Pies High Cube 40\u00b4 x 8\u00b4 x 9\u00b46\u2033<\/strong><br \/>Tara 3940 kg \/ 8685 lb<br \/>Carga Max. 28560 kg \/ 62965 lb<br \/>Max. P. B. 32500 kg \/ 71650 lb<\/p>\n<p><em>Medidas: Internas<\/em><br \/>Largo: 12032 mm \/ 39\u00b46\u2033<br \/>Ancho 2352 mm \/ 7\u00b49\u2033<br \/>Altura: 2698 mm \/ 8\u00b410\u2033<br \/>Capacidad Cub. 76,4 m3 \/ 2700 ft3<\/p>\n<p>[\/et_pb_text][\/et_pb_column][et_pb_column type=\u00bb1_2&#8243; _builder_version=\u00bb4.16&#8243; _module_preset=\u00bbdefault\u00bb global_colors_info=\u00bb{}\u00bb][et_pb_text _builder_version=\u00bb4.20.4&#8243; _module_preset=\u00bbbc6cae60-9fd0-48b3-a032-f2876734c2dd\u00bb text_font=\u00bb||||||||\u00bb text_font_size=\u00bb15px\u00bb text_line_height=\u00bb1.8em\u00bb text_font_size_tablet=\u00bb16px\u00bb text_font_size_phone=\u00bb14px\u00bb text_font_size_last_edited=\u00bbon|phone\u00bb locked=\u00bboff\u00bb global_colors_info=\u00bb{}\u00bb]<\/p>\n<p><strong>Contenedores Refrigerados Integrales o Reefer<\/strong><br \/><em>Con equipo propio de generaci\u00f3n de fr\u00edo. Dise\u00f1ados para el transporte de carga que requiere temperaturas constantes sobre bajo cero. Ejemplo: carne, pescado, frutas, etc.<\/em><\/p>\n<p><strong>20 Pies 20\u00b4 x 8\u00b4 x 8\u00b46\u2033<\/strong><br \/>Tara 3080 kg \/ 6790 lb<br \/>Carga Max. 27400 kg \/ 60410 lb<br \/>Max. P. B. 30480 kg \/ 67200 lb<\/p>\n<p><em>Medidas Internas<\/em><br \/>Largo: 5444 mm \/ 17\u00b410\u2033<br \/>Ancho 2268 mm \/ 7\u00b45\u2033<br \/>Altura: 2272 mm \/ 7\u00b45\u2033<br \/>Capacidad Cub. 28,1 m3 \/ 992 ft3<\/p>\n<p><strong>40 Pies 40\u00b4 x 8\u00b4 x 8\u00b46\u2033<\/strong><br \/>Tara 4800 kg \/ 10580 lb<br \/>Carga Max. 27700 kg \/ 61070 lb<br \/>Max. P. B. 32500 kg \/ 71650 lb<\/p>\n<p><em>Medidas Internas<\/em><br \/>Largo: 11561 mm \/ 37\u00b411\u2033<br \/>Ancho 2280 mm \/ 7\u00b45\u2033<br \/>Altura: 2249 mm \/ 7\u00b45\u2033<br \/>Capacidad Cub. 59,3 m3 \/ 2075 ft3<\/p>\n<p><strong>40 Pies High cube 40\u00b4 x 8\u00b4 x 9\u00b46\u2033<\/strong><br \/>Tara 4850 kg \/ 10690 lb<br \/>Carga Max. 29150 kg \/ 64270 lb<br \/>Max. P. B. 34000 kg \/ 74960 lb<\/p>\n<p><em>Medidas Internas<\/em><br \/>Largo: 11561 mm \/ 37\u00b411\u2033<br \/>Ancho 2268 mm \/ 7\u00b45\u2033<br \/>Altura: 2553 mm \/ 8\u00b44\u2033<br \/>Capacidad Cub. 67 m3 \/ 2366 ft3<\/p>\n<p>[\/et_pb_text][\/et_pb_column][\/et_pb_row][et_pb_row _builder_version=\u00bb4.20.4&#8243; _module_preset=\u00bbdefault\u00bb global_colors_info=\u00bb{}\u00bb][et_pb_column type=\u00bb4_4&#8243; _builder_version=\u00bb4.20.4&#8243; _module_preset=\u00bbdefault\u00bb global_colors_info=\u00bb{}\u00bb][et_pb_image src=\u00bbhttps:\/\/www.speedcustoms.com.ar\/wp-content\/uploads\/2023\/04\/ocean-containers.jpg\u00bb title_text=\u00bbocean-containers\u00bb align=\u00bbcenter\u00bb _builder_version=\u00bb4.20.4&#8243; _module_preset=\u00bbdefault\u00bb global_colors_info=\u00bb{}\u00bb][\/et_pb_image][\/et_pb_column][\/et_pb_row][et_pb_row column_structure=\u00bb1_2,1_2&#8243; _builder_version=\u00bb4.20.4&#8243; _module_preset=\u00bbdefault\u00bb global_colors_info=\u00bb{}\u00bb][et_pb_column type=\u00bb1_2&#8243; _builder_version=\u00bb4.16&#8243; _module_preset=\u00bbdefault\u00bb global_colors_info=\u00bb{}\u00bb][et_pb_text _builder_version=\u00bb4.20.4&#8243; _module_preset=\u00bbbc6cae60-9fd0-48b3-a032-f2876734c2dd\u00bb text_font=\u00bb||||||||\u00bb text_font_size=\u00bb15px\u00bb text_line_height=\u00bb1.8em\u00bb text_font_size_tablet=\u00bb16px\u00bb text_font_size_phone=\u00bb14px\u00bb text_font_size_last_edited=\u00bbon|phone\u00bb locked=\u00bboff\u00bb global_colors_info=\u00bb{}\u00bb]<\/p>\n<p><strong>Contenedores Insulados Phortole o Conair<\/strong><br \/><em>Sin equipo generador de frio. Preparados para el transporte de carga que requiere temperaturas constantes. Ejemplo: manzanas, frutas, etc.<\/em><\/p>\n<p><strong>20 Pies Reefer Conair 20\u00b4 x 8\u00b4 x 8\u00b4<\/strong><br \/>Tara 2650 kg \/ 5840 lb<br \/>Carga Max. 21350 kg \/ 47070 lb<br \/>Max. P. B. 24000 kg \/ 52910 lb<\/p>\n<p><em>Medidas Internas<\/em><br \/>Largo: 5750 mm \/ 18\u00b410\u2033<br \/>Ancho: 2260 mm \/ 7\u00b45\u2033<br \/>Altura: 2110 mm \/ 6\u00b411\u2033<br \/>Capacidad Cub. 27,4 m3 \/ 970 ft3<\/p>\n<p><strong>20 Pies Reefer Conair 20\u00b4 x 8\u00b4 x 8\u00b46\u2033<\/strong><br \/>Tara 2780 kg \/ 6130 lb<br \/>Carga Max. 24220 kg \/ 61070 lb<br \/>Max. P. B. 27000 kg \/ 67200 lb<\/p>\n<p><em>Medidas Internas<\/em><br \/>Largo: 5444 mm \/ 17\u00b410\u2033<br \/>Ancho 2300 mm \/ 7\u00b46\u2033<br \/>Altura: 2250 mm \/ 7\u00b45\u2033<br \/>Capacidad Cub. 29,8 m3 \/ 1052 ft3<\/p>\n<p><strong>Equipo auxiliar tipo Clip On<\/strong><br \/><em>Con este equipo auxiliar se puede mantener el frio durante el transporte de puerta a puerta.<\/em><br \/><em>Apto para contenedores tipo Conair 20\u00b4 y 40\u00b4<\/em><br \/>220\/240 V.<br \/>50\/60 Hz, 3 \u2013 phase<\/p>\n<p>[\/et_pb_text][\/et_pb_column][et_pb_column type=\u00bb1_2&#8243; _builder_version=\u00bb4.16&#8243; _module_preset=\u00bbdefault\u00bb global_colors_info=\u00bb{}\u00bb][et_pb_text _builder_version=\u00bb4.20.4&#8243; _module_preset=\u00bbbc6cae60-9fd0-48b3-a032-f2876734c2dd\u00bb text_font=\u00bb||||||||\u00bb text_font_size=\u00bb15px\u00bb text_line_height=\u00bb1.8em\u00bb text_font_size_tablet=\u00bb16px\u00bb text_font_size_phone=\u00bb14px\u00bb text_font_size_last_edited=\u00bbon|phone\u00bb locked=\u00bboff\u00bb global_colors_info=\u00bb{}\u00bb]<\/p>\n<p><em><strong>Contenedores Open Top<\/strong><\/em><br \/><em>Presentan el techo removible de lona, especialmente dise\u00f1ado para transporte de cargas pesadas o dimensiones extras. Permiten la carga y descarga superior. Ejemplos: maquinarias pesadas, planchas de m\u00e1rmol, etc.<\/em><\/p>\n<p><strong>20 Pies Open top 20\u00b4 x 8\u00b4 x 8\u00b46\u2033<\/strong><br \/>Tara: 2360 kg \/ 5200 lb<br \/>Carga Max. 28120 kg \/ 62000 lb<br \/>Max. P.B. 30480 kg \/ 67200 lb<\/p>\n<p><em>Medidas Internas<\/em><br \/>Largo: 5889 mm \/ 19\u00b44\u2033<br \/>Ancho 2345 mm \/ 7\u00b49\u2033<br \/>Altura: 2346 mm \/ 7\u00b49\u2033<br \/>Capacidad Cub. 32,4 m3 \/ 1144 ft3<\/p>\n<p><strong>40 Pies Open top 40\u00b4 x 8\u00b4 x 8\u00b46\u2033<\/strong><br \/>Tara: 2360 kg \/ 5200 lb<br \/>Carga Max.: 30140 kg \/ 66750 lb<br \/>Max. P. B. : 32500 kg \/ 71650 lb<\/p>\n<p><em>Medidas Internas<\/em><br \/>Largo: 12024 mm \/ 39\u00b46\u2033<br \/>Ancho 2352 mm \/ 7\u00b49\u2033<br \/>Altura: 2324 mm \/ 7\u00b47\u2033<br \/>Capacidad C\u00fabica 65,7 m3 \/ 2320 ft3<\/p>\n<p><strong>Contenedores Graneleros de 20\u00b4<\/strong><br \/><em>Con tomas superiores y descarga por precipitaci\u00f3n. Revestidos especialmente, permiten el transporte de granos. Ejemplo: malta, semillas, etc.<\/em><\/p>\n<p>[\/et_pb_text][\/et_pb_column][\/et_pb_row][et_pb_row _builder_version=\u00bb4.20.4&#8243; _module_preset=\u00bbdefault\u00bb global_colors_info=\u00bb{}\u00bb][et_pb_column type=\u00bb4_4&#8243; _builder_version=\u00bb4.16&#8243; _module_preset=\u00bbdefault\u00bb global_colors_info=\u00bb{}\u00bb][et_pb_text _builder_version=\u00bb4.20.4&#8243; _module_preset=\u00bbbc6cae60-9fd0-48b3-a032-f2876734c2dd\u00bb text_font=\u00bb||||||||\u00bb text_font_size=\u00bb15px\u00bb text_line_height=\u00bb1.8em\u00bb text_orientation=\u00bbcenter\u00bb text_font_size_tablet=\u00bb16px\u00bb text_font_size_phone=\u00bb14px\u00bb text_font_size_last_edited=\u00bbon|phone\u00bb locked=\u00bboff\u00bb global_colors_info=\u00bb{}\u00bb]<\/p>\n<p style=\"text-align: left;\"><strong>Contenedores Flatrack tipo fijo no plegable<\/strong><br \/><em>Con terminales fijos o rebatibles, sin laterales. Dise\u00f1ados para el transporte de carga de grandes dimensiones. Ejemplo: maquinarias, etc.<\/em><\/p>\n<p><strong>20 Pies Flatrack 20\u00b4 8\u00b4 x 8\u00b46\u2033<\/strong><br \/>Tara 4030 kg \/ 8880 lb<br \/>Carga Max. 28470 kg \/ 62770 lb<br \/>Max. P. B. 32500 kg \/ 71650 lb<\/p>\n<p><em>Medidas Internas<\/em><br \/>Largo: 5940 mm \/ 19\u00b46\u2033<br \/>Ancho 2345 mm \/ 7\u00b48\u2033<br \/>Altura: 2346 mm \/ 7\u00b48\u2033<\/p>\n<p><strong>40 Pies Flatrack 40\u00b4 8\u00b4 x 8\u00b46\u2033<\/strong><br \/>Tara 5000 kg \/ 8880 lb<br \/>Carga Max. 40000 kg \/ 90300 lb<br \/>Max. P. B. 45000 kg \/ 99180 lb<\/p>\n<p><em>Medidas Internas<\/em><br \/>Largo: 12132 mm \/ 39\u00b49\u2033<br \/>Ancho 2400 mm \/ 7\u00b410\u2033<br \/>Altura: 2135 mm \/ 7\u00b4<\/p>\n<p>[\/et_pb_text][\/et_pb_column][\/et_pb_row][\/et_pb_section][et_pb_section fb_built=\u00bb1&#8243; theme_builder_area=\u00bbpost_content\u00bb _builder_version=\u00bb4.21.0&#8243; _module_preset=\u00bbdefault\u00bb custom_padding=\u00bb5px||0px|||\u00bb][et_pb_row _builder_version=\u00bb4.21.0&#8243; _module_preset=\u00bbdefault\u00bb theme_builder_area=\u00bbpost_content\u00bb][et_pb_column _builder_version=\u00bb4.21.0&#8243; _module_preset=\u00bbdefault\u00bb type=\u00bb4_4&#8243; theme_builder_area=\u00bbpost_content\u00bb][et_pb_divider _builder_version=\u00bb4.21.0&#8243; _module_preset=\u00bbdefault\u00bb theme_builder_area=\u00bbpost_content\u00bb hover_enabled=\u00bb0&#8243; sticky_enabled=\u00bb0&#8243;][\/et_pb_divider][\/et_pb_column][\/et_pb_row][\/et_pb_section]<\/p>\n","protected":false},"excerpt":{"rendered":"<p>ContenedoresCon la responsabilidad de resguardar la integridad de la mercaderia en transito, los containers protegen y aseguran el optimo transporte a lo largo del recorrido comercial.Contenedores Comunes o DryvanDisponible para cualquier carga seca normal. Ejemplos: bolsas, pallets, cajas, tambores, etc. 20\u2032 Standard 20\u00b4 x 8\u00b4 x 8\u00b46\u2033Tara: 2300 kg \/ 5070 lbCarga Max.: 28180 kg\/62130 [&hellip;]<\/p>\n","protected":false},"author":1,"featured_media":0,"parent":25539,"menu_order":2,"comment_status":"closed","ping_status":"closed","template":"","meta":{"_et_pb_use_builder":"on","_et_pb_old_content":"","_et_gb_content_width":"","footnotes":""},"class_list":["post-25692","page","type-page","status-publish","hentry"],"_links":{"self":[{"href":"https:\/\/www.speedcustoms.com.ar\/en\/wp-json\/wp\/v2\/pages\/25692","targetHints":{"allow":["GET"]}}],"collection":[{"href":"https:\/\/www.speedcustoms.com.ar\/en\/wp-json\/wp\/v2\/pages"}],"about":[{"href":"https:\/\/www.speedcustoms.com.ar\/en\/wp-json\/wp\/v2\/types\/page"}],"author":[{"embeddable":true,"href":"https:\/\/www.speedcustoms.com.ar\/en\/wp-json\/wp\/v2\/users\/1"}],"replies":[{"embeddable":true,"href":"https:\/\/www.speedcustoms.com.ar\/en\/wp-json\/wp\/v2\/comments?post=25692"}],"version-history":[{"count":18,"href":"https:\/\/www.speedcustoms.com.ar\/en\/wp-json\/wp\/v2\/pages\/25692\/revisions"}],"predecessor-version":[{"id":25955,"href":"https:\/\/www.speedcustoms.com.ar\/en\/wp-json\/wp\/v2\/pages\/25692\/revisions\/25955"}],"up":[{"embeddable":true,"href":"https:\/\/www.speedcustoms.com.ar\/en\/wp-json\/wp\/v2\/pages\/25539"}],"wp:attachment":[{"href":"https:\/\/www.speedcustoms.com.ar\/en\/wp-json\/wp\/v2\/media?parent=25692"}],"curies":[{"name":"wp","href":"https:\/\/api.w.org\/{rel}","templated":true}]}}